{"id":15,"date":"2024-11-03T13:11:11","date_gmt":"2024-11-03T12:11:11","guid":{"rendered":"https:\/\/vinsrosedesvents.fr\/?page_id=15"},"modified":"2024-11-08T10:29:07","modified_gmt":"2024-11-08T09:29:07","slug":"ingredients-et-valeurs-nutritionnelles-noroit-vin-charentais","status":"publish","type":"page","link":"https:\/\/vinsrosedesvents.fr\/index.php\/ingredients-et-valeurs-nutritionnelles-noroit-vin-charentais\/","title":{"rendered":"Ingr\u00e9dients et Valeurs Nutritionnelles Noroit Vin Charentais"},"content":{"rendered":"\n<p id=\"block-663af8c4-d960-4b34-89a4-54194419d773\">Merci d&rsquo;avoir choisi et d\u00e9gust\u00e9 notre vin Noroit, Merlot Ros\u00e9 \u00e0 la table d&rsquo;un restaurant. Les informations nutritionnelles et ingr\u00e9dients vous sont communiqu\u00e9s ci-dessous:<\/p>\n\n\n\n<p id=\"block-c81d99ad-9395-4b1e-af51-b0decabe3231\">Liste des ingr\u00e9dients :<\/p>\n\n\n\n<p id=\"block-134799dd-5fe1-431e-a67c-06a9315379ed\">Raisins&nbsp;<\/p>\n\n\n\n<p id=\"block-6ffbe489-c188-48a6-9084-30413d9a8c97\">Conservateur (Sulfites)&nbsp;<\/p>\n\n\n\n<p id=\"block-d765b204-42f6-4d59-804b-820187281bde\">Agent stabilisateur (Carboxym\u00e9thylcellulose)&nbsp;<\/p>\n\n\n\n<p id=\"block-db7eb735-9ddc-48f6-9513-7ac2cbfdd60f\">Valeurs nutritionnelles moyenne pour :&nbsp;&nbsp;&nbsp;100 ml&nbsp;<\/p>\n\n\n\n<p id=\"block-645268b2-8ca2-40a4-a189-78d406e57e23\">\u00a0\u00c9nergie:\u00a0\u00a0290KJ\/70Kcal<\/p>\n\n\n\n<p id=\"block-1337ff93-6a98-439b-9e04-3a09cac3db8a\">Mati\u00e8re grasses&nbsp;&nbsp;: 0g&nbsp;<\/p>\n\n\n\n<p id=\"block-488223ad-8364-4d00-9b63-861d7b7733b0\">-Dont acide gras satur\u00e9s&nbsp;&nbsp;&nbsp;0g<\/p>\n\n\n\n<p id=\"block-9037e38d-f7e6-4e54-8ee9-60d044d9863a\">Glucides&nbsp;: 8g<\/p>\n\n\n\n<p id=\"block-fa31050e-e0e0-4ce8-aeaf-c3cd36a1f33f\">&nbsp;-Dont sucres &nbsp;1g<\/p>\n\n\n\n<p id=\"block-f761beda-9404-4ce0-86e0-9498b4683a3b\">Prot\u00e9ines : 0g<\/p>\n\n\n\n<p id=\"block-43a2ba50-0257-4975-a915-dfd12be320c3\">Sel&nbsp;: 0g<\/p>\n\n\n\n<p id=\"block-2a96d728-4f65-4670-abb7-561e6098f3a1\">\u200bL&rsquo;abus d&rsquo;alcool est dangereux pour la sant\u00e9, \u00e0 consommer avec mod\u00e9ration.<br>Vins IGP Charentais.<\/p>\n","protected":false},"excerpt":{"rendered":"<p>Merci d&rsquo;avoir choisi et d\u00e9gust\u00e9 notre vin Noroit, Merlot Ros\u00e9 \u00e0 la table d&rsquo;un restaurant. Les informations nutritionnelles et ingr\u00e9dients vous sont communiqu\u00e9s ci-dessous: Liste des ingr\u00e9dients : Raisins&nbsp; Conservateur (Sulfites)&nbsp; Agent stabilisateur (Carboxym\u00e9thylcellulose)&nbsp; Valeurs nutritionnelles moyenne pour :&nbsp;&nbsp;&nbsp;100 ml&nbsp; \u00a0\u00c9nergie:\u00a0\u00a0290KJ\/70Kcal Mati\u00e8re grasses&nbsp;&nbsp;: 0g&nbsp; -Dont acide gras satur\u00e9s&nbsp;&nbsp;&nbsp;0g Glucides&nbsp;: 8g &nbsp;-Dont sucres &nbsp;1g Prot\u00e9ines : [&hellip;]<\/p>\n","protected":false},"author":1,"featured_media":0,"parent":0,"menu_order":0,"comment_status":"closed","ping_status":"closed","template":"","meta":{"footnotes":""},"class_list":["post-15","page","type-page","status-publish","hentry"],"_links":{"self":[{"href":"https:\/\/vinsrosedesvents.fr\/index.php\/wp-json\/wp\/v2\/pages\/15","targetHints":{"allow":["GET"]}}],"collection":[{"href":"https:\/\/vinsrosedesvents.fr\/index.php\/wp-json\/wp\/v2\/pages"}],"about":[{"href":"https:\/\/vinsrosedesvents.fr\/index.php\/wp-json\/wp\/v2\/types\/page"}],"author":[{"embeddable":true,"href":"https:\/\/vinsrosedesvents.fr\/index.php\/wp-json\/wp\/v2\/users\/1"}],"replies":[{"embeddable":true,"href":"https:\/\/vinsrosedesvents.fr\/index.php\/wp-json\/wp\/v2\/comments?post=15"}],"version-history":[{"count":4,"href":"https:\/\/vinsrosedesvents.fr\/index.php\/wp-json\/wp\/v2\/pages\/15\/revisions"}],"predecessor-version":[{"id":38,"href":"https:\/\/vinsrosedesvents.fr\/index.php\/wp-json\/wp\/v2\/pages\/15\/revisions\/38"}],"wp:attachment":[{"href":"https:\/\/vinsrosedesvents.fr\/index.php\/wp-json\/wp\/v2\/media?parent=15"}],"curies":[{"name":"wp","href":"https:\/\/api.w.org\/{rel}","templated":true}]}}