{"id":17,"date":"2024-11-03T13:11:46","date_gmt":"2024-11-03T12:11:46","guid":{"rendered":"https:\/\/vinsrosedesvents.fr\/?page_id=17"},"modified":"2024-11-08T10:26:40","modified_gmt":"2024-11-08T09:26:40","slug":"ingredients-et-valeurs-nutritionnelles-suroit-vin-charentais","status":"publish","type":"page","link":"https:\/\/vinsrosedesvents.fr\/index.php\/ingredients-et-valeurs-nutritionnelles-suroit-vin-charentais\/","title":{"rendered":"Ingr\u00e9dients et Valeurs Nutritionnelles Suroit Vin Charentais"},"content":{"rendered":"\n<p id=\"block-ebded8d8-5b23-4a80-87c0-d3eca83e9487\">Merci d&rsquo;avoir choisi et d\u00e9gust\u00e9 notre vin Suroit, Merlot Rouge \u00e0 la table d&rsquo;un restaurant. Les informations nutritionnelles et ingr\u00e9dients vous sont communiqu\u00e9s ci-dessous:<\/p>\n\n\n\n<p id=\"block-f47db677-52d4-4e38-aa4c-293235f92cd4\">Liste des ingr\u00e9dients :<\/p>\n\n\n\n<p id=\"block-405cb7df-c06a-45bf-896a-bed5d9442a7b\">Raisins&nbsp;<\/p>\n\n\n\n<p id=\"block-27519eb0-88b4-40ae-84cb-7cd494e5015b\">Conservateur (Sulfites)&nbsp;<\/p>\n\n\n\n<p id=\"block-d4456738-bb01-4eb3-8321-3252c4c15912\">Agent stabilisateur (Gomme arabique)&nbsp;<\/p>\n\n\n\n<p id=\"block-e5d5b473-3554-41fd-879f-14682918408a\">Valeurs nutritionnelles moyenne pour :\u00a0\u00a0100 ml\u00a0<\/p>\n\n\n\n<p id=\"block-562836c5-c464-493e-9c33-9a9d6c4a601f\">\u00a0\u00c9nergie:\u00a0290KJ\/70Kcal<\/p>\n\n\n\n<p id=\"block-333b80c2-d8ad-4384-be9f-b7e2cad93822\">Mati\u00e8re grasses : 0g\u00a0<\/p>\n\n\n\n<p id=\"block-f7b0da4b-74cc-4fb0-8310-f7d1d0543fb3\">-Dont acide gras satur\u00e9s : 0g<\/p>\n\n\n\n<p id=\"block-f17da8c6-2221-49ce-8fc0-fe98992decc6\">Glucides : 8g<\/p>\n\n\n\n<p id=\"block-686b7dc2-eac4-44a0-98b8-57dbf91857a2\">\u00a0-Dont sucres : 1g<\/p>\n\n\n\n<p id=\"block-9dd4dc7e-35a0-42cb-b1a9-3d7cb2fc247f\">Prot\u00e9ines : 0g<\/p>\n\n\n\n<p id=\"block-a8e59b24-fc1f-4a3e-bdce-7c45be8e20d7\">Sel : 0g<\/p>\n\n\n\n<p id=\"block-d803d841-688c-4fe6-b101-25775f613761\">L&rsquo;abus d&rsquo;alcool est dangereux pour la sant\u00e9, \u00e0 consommer avec mod\u00e9ration.<br>Vins IGP Charentais.<\/p>\n","protected":false},"excerpt":{"rendered":"<p>Merci d&rsquo;avoir choisi et d\u00e9gust\u00e9 notre vin Suroit, Merlot Rouge \u00e0 la table d&rsquo;un restaurant. Les informations nutritionnelles et ingr\u00e9dients vous sont communiqu\u00e9s ci-dessous: Liste des ingr\u00e9dients : Raisins&nbsp; Conservateur (Sulfites)&nbsp; Agent stabilisateur (Gomme arabique)&nbsp; Valeurs nutritionnelles moyenne pour :\u00a0\u00a0100 ml\u00a0 \u00a0\u00c9nergie:\u00a0290KJ\/70Kcal Mati\u00e8re grasses : 0g\u00a0 -Dont acide gras satur\u00e9s : 0g Glucides : 8g [&hellip;]<\/p>\n","protected":false},"author":1,"featured_media":0,"parent":0,"menu_order":0,"comment_status":"closed","ping_status":"closed","template":"","meta":{"footnotes":""},"class_list":["post-17","page","type-page","status-publish","hentry"],"_links":{"self":[{"href":"https:\/\/vinsrosedesvents.fr\/index.php\/wp-json\/wp\/v2\/pages\/17","targetHints":{"allow":["GET"]}}],"collection":[{"href":"https:\/\/vinsrosedesvents.fr\/index.php\/wp-json\/wp\/v2\/pages"}],"about":[{"href":"https:\/\/vinsrosedesvents.fr\/index.php\/wp-json\/wp\/v2\/types\/page"}],"author":[{"embeddable":true,"href":"https:\/\/vinsrosedesvents.fr\/index.php\/wp-json\/wp\/v2\/users\/1"}],"replies":[{"embeddable":true,"href":"https:\/\/vinsrosedesvents.fr\/index.php\/wp-json\/wp\/v2\/comments?post=17"}],"version-history":[{"count":6,"href":"https:\/\/vinsrosedesvents.fr\/index.php\/wp-json\/wp\/v2\/pages\/17\/revisions"}],"predecessor-version":[{"id":35,"href":"https:\/\/vinsrosedesvents.fr\/index.php\/wp-json\/wp\/v2\/pages\/17\/revisions\/35"}],"wp:attachment":[{"href":"https:\/\/vinsrosedesvents.fr\/index.php\/wp-json\/wp\/v2\/media?parent=17"}],"curies":[{"name":"wp","href":"https:\/\/api.w.org\/{rel}","templated":true}]}}