{"id":5,"date":"2024-10-31T09:09:27","date_gmt":"2024-10-31T08:09:27","guid":{"rendered":"https:\/\/vinsrosedesvents.fr\/?page_id=5"},"modified":"2024-11-13T12:02:47","modified_gmt":"2024-11-13T11:02:47","slug":"ingredients-et-valeurs-nutritionnelles-nordet-vin-charentais","status":"publish","type":"page","link":"https:\/\/vinsrosedesvents.fr\/index.php\/ingredients-et-valeurs-nutritionnelles-nordet-vin-charentais\/","title":{"rendered":"Ingr\u00e9dients et Valeurs Nutritionnelles Nordet Vin Charentais"},"content":{"rendered":"\n<p>Merci d&rsquo;avoir choisi et d\u00e9gust\u00e9 notre vin Nordet Chardonnay \u00e0 la table d&rsquo;un restaurant. Les informations nutritionnelles et ingr\u00e9dients vous sont communiqu\u00e9s ci-dessous:<\/p>\n\n\n\n<p>Liste des ingr\u00e9dients :<\/p>\n\n\n\n<p>Raisins&nbsp;<\/p>\n\n\n\n<p>Conservateur (Sulfites)&nbsp;<\/p>\n\n\n\n<p>Agent stabilisateur (Carboxym\u00e9thylcellulose)&nbsp;<\/p>\n\n\n\n<p>Valeurs nutritionnelles moyenne pour :&nbsp;100 ml&nbsp;<\/p>\n\n\n\n<p>\u00a0\u00c9nergie : 279KJ\/68Kcal<\/p>\n\n\n\n<p>Mati\u00e8re grasses : 0g&nbsp;<\/p>\n\n\n\n<p>&#8211; Dont acide gras satur\u00e9s : 0g<\/p>\n\n\n\n<p>Glucides : 8g<\/p>\n\n\n\n<p>&#8211; Dont sucres : 1g<\/p>\n\n\n\n<p>Prot\u00e9ines : 0g<\/p>\n\n\n\n<p>Sel : 0g<\/p>\n\n\n\n<p>\u200bL&rsquo;abus d&rsquo;alcool est dangereux pour la sant\u00e9, \u00e0 consommer avec mod\u00e9ration.<br>Vins IGP Charentais.<\/p>\n","protected":false},"excerpt":{"rendered":"<p>Merci d&rsquo;avoir choisi et d\u00e9gust\u00e9 notre vin Nordet Chardonnay \u00e0 la table d&rsquo;un restaurant. Les informations nutritionnelles et ingr\u00e9dients vous sont communiqu\u00e9s ci-dessous: Liste des ingr\u00e9dients : Raisins&nbsp; Conservateur (Sulfites)&nbsp; Agent stabilisateur (Carboxym\u00e9thylcellulose)&nbsp; Valeurs nutritionnelles moyenne pour :&nbsp;100 ml&nbsp; \u00a0\u00c9nergie : 279KJ\/68Kcal Mati\u00e8re grasses : 0g&nbsp; &#8211; Dont acide gras satur\u00e9s : 0g Glucides : [&hellip;]<\/p>\n","protected":false},"author":1,"featured_media":0,"parent":0,"menu_order":0,"comment_status":"closed","ping_status":"closed","template":"","meta":{"footnotes":""},"class_list":["post-5","page","type-page","status-publish","hentry"],"_links":{"self":[{"href":"https:\/\/vinsrosedesvents.fr\/index.php\/wp-json\/wp\/v2\/pages\/5","targetHints":{"allow":["GET"]}}],"collection":[{"href":"https:\/\/vinsrosedesvents.fr\/index.php\/wp-json\/wp\/v2\/pages"}],"about":[{"href":"https:\/\/vinsrosedesvents.fr\/index.php\/wp-json\/wp\/v2\/types\/page"}],"author":[{"embeddable":true,"href":"https:\/\/vinsrosedesvents.fr\/index.php\/wp-json\/wp\/v2\/users\/1"}],"replies":[{"embeddable":true,"href":"https:\/\/vinsrosedesvents.fr\/index.php\/wp-json\/wp\/v2\/comments?post=5"}],"version-history":[{"count":7,"href":"https:\/\/vinsrosedesvents.fr\/index.php\/wp-json\/wp\/v2\/pages\/5\/revisions"}],"predecessor-version":[{"id":39,"href":"https:\/\/vinsrosedesvents.fr\/index.php\/wp-json\/wp\/v2\/pages\/5\/revisions\/39"}],"wp:attachment":[{"href":"https:\/\/vinsrosedesvents.fr\/index.php\/wp-json\/wp\/v2\/media?parent=5"}],"curies":[{"name":"wp","href":"https:\/\/api.w.org\/{rel}","templated":true}]}}